{"id":3493,"date":"2020-02-07T02:16:44","date_gmt":"2020-02-07T02:16:44","guid":{"rendered":"https:\/\/demo.casethemes.net\/consultio-immigration\/?page_id=3493"},"modified":"2025-07-15T15:25:57","modified_gmt":"2025-07-15T12:25:57","slug":"hakkimizda","status":"publish","type":"page","link":"https:\/\/aytekcosar.com\/en\/hakkimizda\/","title":{"rendered":"About Us"},"content":{"rendered":"<div data-elementor-type=\"wp-page\" data-elementor-id=\"3493\" class=\"elementor elementor-3493\">\n\t\t\t\t        <section class=\"elementor-section elementor-top-section elementor-element elementor-element-64fd72b8 elementor-section-boxed elementor-section-height-default elementor-section-height-default ct-header-fixed-none ct-row-max-none\" data-id=\"64fd72b8\" data-element_type=\"section\">\n            \n                        <div class=\"elementor-container elementor-column-gap-default\">\n                    <div class=\"elementor-column elementor-col-50 elementor-top-column elementor-element elementor-element-305603d7\" data-id=\"305603d7\" data-element_type=\"column\">\n        <div class=\"elementor-widget-wrap elementor-element-populated\">\n                    \n        \t\t<div class=\"elementor-element elementor-element-9da93fe line-sub-preset2 elementor-widget elementor-widget-ct_heading\" data-id=\"9da93fe\" data-element_type=\"widget\" data-widget_type=\"ct_heading.default\">\n\t\t\t\t<div class=\"elementor-widget-container\">\n\t\t\t<div id=\"ct_heading-9da93fe\" class=\"ct-heading h-align- sub-style1 ct-heading-left item-st-default\">\r\n\t<div class=\"ct-item--inner\">\r\n        <div class=\"ct-inline-css\"  data-css=\"            \">\r\n        <\/div>\r\n            \t\t<div class=\"item--sub-title style1 show-line\">\r\n                                About me                                                            <\/div>\r\n    \t        <h3 class=\"item--title st-default wow wow bounce\" data-wow-delay=\"ms\">\r\n                        <span class=\"sp-main\">\r\n                \r\n                Op.Dr. Aytek Co\u015far\r\n                \r\n                            <\/span>\r\n                    <\/h3>\r\n    <\/div>\r\n<\/div>\t\t<\/div>\n\t\t\t\t<\/div>\n\t\t\t\t<div class=\"elementor-element elementor-element-398fa9be wow fadeInUp elementor-widget elementor-widget-text-editor\" data-id=\"398fa9be\" data-element_type=\"widget\" data-widget_type=\"text-editor.default\">\n\t\t\t\t<div class=\"elementor-widget-container\">\n\t\t\t\t\t\t\t<p><span style=\"font-weight: 400;\">Place of Birth : Adana \/ Ceyhan&nbsp;<\/span><\/p>\n<p><span style=\"font-weight: 400;\">Year of birth : January 16, 1982<\/span><\/p>\n<p><span style=\"font-weight: 400;\">Primary and secondary school in Ceyhan 2000-2007 Ondokuz May\u0131s University Faculty of Medicine&nbsp;<\/span><\/p>\n<p><span style=\"font-weight: 400;\">2008-2012 Izmir Ataturk Training and Research Hospital Ophthalmology Residency&nbsp;<\/span><\/p>\n<p><span style=\"font-weight: 400;\">2012-2015 in Manisa Merkez Efendi State Hospital&nbsp;<\/span><\/p>\n<p><span style=\"font-weight: 400;\">2015-2018 at Osmaniye State Hospital&nbsp;<\/span><\/p>\n<p><span style=\"font-weight: 400;\">Over 3000 surgical and application experience in upper and lower eyelid aesthetics, tear drainage system surgery, lid malpositions surgery, eyebrow aesthetics, filling and botox applications and rope suspension applications in Osmaniye Private Park Hospital between 2018-2023.&nbsp;<\/span><\/p><p><span style=\"font-weight: 400;\">From June 2023 to July 2025, I worked at Ac\u0131badem Bodrum Medical Center.<br>Since July 2025, I have been working at Memorial Bodrum Hospital<\/span><\/p>\t\t\t\t\t\t<\/div>\n\t\t\t\t<\/div>\n\t\t\t\t<div class=\"elementor-element elementor-element-78f3a28d elementor-widget elementor-widget-image\" data-id=\"78f3a28d\" data-element_type=\"widget\" data-widget_type=\"image.default\">\n\t\t\t\t<div class=\"elementor-widget-container\">\n\t\t\t\t\t\t\t\t\t\t\t\t\t<img decoding=\"async\" width=\"350\" height=\"1\" src=\"https:\/\/aytekcosar.com\/wp-content\/uploads\/2019\/12\/about-gap.png\" class=\"attachment-full size-full wp-image-1896\" alt=\"\" srcset=\"https:\/\/aytekcosar.com\/wp-content\/uploads\/2019\/12\/about-gap.png 350w, https:\/\/aytekcosar.com\/wp-content\/uploads\/2019\/12\/about-gap-300x1.png 300w, https:\/\/aytekcosar.com\/wp-content\/uploads\/2019\/12\/about-gap-150x1.png 150w\" sizes=\"(max-width: 350px) 100vw, 350px\" \/>\t\t\t\t\t\t\t\t\t\t\t\t\t<\/div>\n\t\t\t\t<\/div>\n\t\t\t\t<div class=\"elementor-element elementor-element-78e20b32 elementor-widget elementor-widget-ct_signature\" data-id=\"78e20b32\" data-element_type=\"widget\" data-widget_type=\"ct_signature.default\">\n\t\t\t\t<div class=\"elementor-widget-container\">\n\t\t\t<div class=\"ct-signature1 wow fadeInUp style1\">\r\n\t        <div class=\"signature-image\">\r\n        \t<img decoding=\"async\" width=\"95\" height=\"85\" src=\"https:\/\/aytekcosar.com\/wp-content\/uploads\/2019\/12\/signature-02.png\" class=\"attachment-full\" alt=\"\" \/>        <\/div>\r\n        <div class=\"signature-meta\">\r\n    \t<h3>Op.Dr. Aytek Co\u015far<\/h3>\r\n    \t<span>(Ophthalmologist )<\/span>\r\n    <\/div>\r\n<\/div>\r\n\t\t<\/div>\n\t\t\t\t<\/div>\n\t\t            <\/div>\n        <\/div>\n                <div class=\"elementor-column elementor-col-50 elementor-top-column elementor-element elementor-element-1bb8bef0\" data-id=\"1bb8bef0\" data-element_type=\"column\">\n        <div class=\"elementor-widget-wrap elementor-element-populated\">\n                    \n        \t\t<div class=\"elementor-element elementor-element-40e6861c wow fadeInRight elementor-widget elementor-widget-ct_banner\" data-id=\"40e6861c\" data-element_type=\"widget\" data-widget_type=\"ct_banner.default\">\n\t\t\t\t<div class=\"elementor-widget-container\">\n\t\t\t<div class=\"ct-banner1\" data-wow-delay=\"ms\">\r\n\t<div class=\"ct-banner-imge\">\r\n    \t<img fetchpriority=\"high\" decoding=\"async\" width=\"437\" height=\"571\" src=\"https:\/\/aytekcosar.com\/wp-content\/uploads\/2024\/03\/aytek-cosar-banner__1_-removebg-preview.png\" class=\"attachment-full size-full wp-image-6107\" alt=\"\" srcset=\"https:\/\/aytekcosar.com\/wp-content\/uploads\/2024\/03\/aytek-cosar-banner__1_-removebg-preview.png 437w, https:\/\/aytekcosar.com\/wp-content\/uploads\/2024\/03\/aytek-cosar-banner__1_-removebg-preview-230x300.png 230w\" sizes=\"(max-width: 437px) 100vw, 437px\" \/>        <h3 class=\"ct-banner-title\">15 Years of Experience<\/h3>\r\n    <\/div>\r\n<\/div>\t\t<\/div>\n\t\t\t\t<\/div>\n\t\t            <\/div>\n        <\/div>\n                    <\/div>\n        <\/section>\n                <section class=\"elementor-section elementor-top-section elementor-element elementor-element-38f7332b elementor-section-boxed elementor-section-height-default elementor-section-height-default ct-header-fixed-none ct-row-max-none\" data-id=\"38f7332b\" data-element_type=\"section\">\n            \n                        <div class=\"elementor-container elementor-column-gap-extended\">\n                    <div class=\"elementor-column elementor-col-100 elementor-top-column elementor-element elementor-element-7dba3a7e\" data-id=\"7dba3a7e\" data-element_type=\"column\">\n        <div class=\"elementor-widget-wrap elementor-element-populated\">\n                    \n                <section class=\"elementor-section elementor-inner-section elementor-element elementor-element-735a4111 elementor-section-content-middle elementor-section-boxed elementor-section-height-default elementor-section-height-default ct-header-fixed-none ct-row-max-none\" data-id=\"735a4111\" data-element_type=\"section\">\n            \n                        <div class=\"elementor-container elementor-column-gap-extended\">\n                    <div class=\"elementor-column elementor-col-100 elementor-inner-column elementor-element elementor-element-44317976\" data-id=\"44317976\" data-element_type=\"column\">\n        <div class=\"elementor-widget-wrap elementor-element-populated\">\n                    \n        \t\t<div class=\"elementor-element elementor-element-e36d3ea line-sub-preset2 elementor-widget elementor-widget-ct_heading\" data-id=\"e36d3ea\" data-element_type=\"widget\" data-widget_type=\"ct_heading.default\">\n\t\t\t\t<div class=\"elementor-widget-container\">\n\t\t\t<div id=\"ct_heading-e36d3ea\" class=\"ct-heading h-align- sub-style1 ct-heading-left item-st-default\">\r\n\t<div class=\"ct-item--inner\">\r\n        <div class=\"ct-inline-css\"  data-css=\"            \">\r\n        <\/div>\r\n            \t\t<div class=\"item--sub-title style1 show-line\">\r\n                                Op.Dr. Aytek Co\u015far                                                            <\/div>\r\n    \t        <h3 class=\"item--title st-default wow wow fadeInLeft\" data-wow-delay=\"ms\">\r\n                        <span class=\"sp-main\">\r\n                \r\n                The eyes are the windows through which we discover the colors and beauties of life; we must take good care of them.\r\n                \r\n                            <\/span>\r\n                    <\/h3>\r\n    <\/div>\r\n<\/div>\t\t<\/div>\n\t\t\t\t<\/div>\n\t\t            <\/div>\n        <\/div>\n                    <\/div>\n        <\/section>\n                    <\/div>\n        <\/div>\n                    <\/div>\n        <\/section>\n                <section class=\"elementor-section elementor-top-section elementor-element elementor-element-c752131 elementor-section-stretched elementor-section-full_width elementor-section-height-default elementor-section-height-default ct-header-fixed-none ct-row-max-none\" data-id=\"c752131\" data-element_type=\"section\" data-settings=\"{&quot;stretch_section&quot;:&quot;section-stretched&quot;,&quot;background_background&quot;:&quot;classic&quot;}\">\n            \n                        <div class=\"elementor-container elementor-column-gap-no\">\n                    <div class=\"elementor-column elementor-col-50 elementor-top-column elementor-element elementor-element-b425f4f\" data-id=\"b425f4f\" data-element_type=\"column\">\n        <div class=\"elementor-widget-wrap\">\n                    \n                    <\/div>\n        <\/div>\n                <div class=\"elementor-column elementor-col-50 elementor-top-column elementor-element elementor-element-ce65c69 col-offset-right\" data-id=\"ce65c69\" data-element_type=\"column\" data-settings=\"{&quot;background_background&quot;:&quot;classic&quot;}\">\n        <div class=\"elementor-widget-wrap elementor-element-populated\">\n                    <div class=\"elementor-background-overlay\"><\/div>\n                    \n        \t\t<div class=\"elementor-element elementor-element-7af3a6b elementor-widget elementor-widget-spacer\" data-id=\"7af3a6b\" data-element_type=\"widget\" data-widget_type=\"spacer.default\">\n\t\t\t\t<div class=\"elementor-widget-container\">\n\t\t\t\t\t<div class=\"elementor-spacer\">\n\t\t\t<div class=\"elementor-spacer-inner\"><\/div>\n\t\t<\/div>\n\t\t\t\t<\/div>\n\t\t\t\t<\/div>\n\t\t\t\t<div class=\"elementor-element elementor-element-9211325 elementor-widget elementor-widget-ct_heading\" data-id=\"9211325\" data-element_type=\"widget\" data-widget_type=\"ct_heading.default\">\n\t\t\t\t<div class=\"elementor-widget-container\">\n\t\t\t<div id=\"ct_heading-9211325\" class=\"ct-heading h-align- sub-style1 ct-heading-left item-st-default\">\r\n\t<div class=\"ct-item--inner\">\r\n        <div class=\"ct-inline-css\"  data-css=\"            \">\r\n        <\/div>\r\n                <h2 class=\"item--title st-default case-animate-time\" data-wow-delay=\"ms\">\r\n                        <span class=\"sp-main\">\r\n                \r\n                Contact for any help and information\r\n                \r\n                            <\/span>\r\n                    <\/h2>\r\n    <\/div>\r\n<\/div>\t\t<\/div>\n\t\t\t\t<\/div>\n\t\t\t\t<div class=\"elementor-element elementor-element-58fe444 elementor-widget elementor-widget-ct_text_editor\" data-id=\"58fe444\" data-element_type=\"widget\" data-widget_type=\"ct_text_editor.default\">\n\t\t\t\t<div class=\"elementor-widget-container\">\n\t\t\t<div id=\"ct_text_editor-58fe444\" class=\"ct-text-editor\" data-wow-delay=\"ms\">\n\t<div class=\"ct-item--inner\">\n\t\t<div class=\"ct-inline-css\"  data-css=\"\t        \t\t\t\">\n\n\t    <\/div>\n\t\t<div class=\"ct-text-editor elementor-clearfix\">\n\t\t\t<p>Do not delay your treatments, protect your health, contact us immediately.<\/p>\t\t\n\t\t<\/div>\n\t<\/div>\n<\/div>\t\t<\/div>\n\t\t\t\t<\/div>\n\t\t\t\t<div class=\"elementor-element elementor-element-03068b7 elementor-align-left elementor-widget elementor-widget-ct_button\" data-id=\"03068b7\" data-element_type=\"widget\" data-widget_type=\"ct_button.default\">\n\t\t\t\t<div class=\"elementor-widget-container\">\n\t\t\t<div id=\"ct_button-03068b7\" class=\"ct-button-wrapper ct-button-layout1 icon-right btn--inline\">\r\n    <div class=\"ct-inline-css\"  data-css=\"        \">\r\n    <\/div>\r\n            <span class=\"ct-icon-active\"><\/span>\r\n        <a href=\"https:\/\/aytekcosar.com\/en\/iletisim\/\" class=\"btn btn-default icon-active btn-inline-block\" data-wow-delay=\"ms\">\r\n                            <span class=\"ct-button-icon ct-align-icon-right\">\r\n                <i aria-hidden=\"true\" class=\"fas fa-angle-right\"><\/i>            <\/span>\r\n                <span class=\"ct-button-text\">Contact<\/span>\r\n    <\/a>\r\n<\/div>\t\t<\/div>\n\t\t\t\t<\/div>\n\t\t\t\t<div class=\"elementor-element elementor-element-202a22e elementor-widget elementor-widget-spacer\" data-id=\"202a22e\" data-element_type=\"widget\" data-widget_type=\"spacer.default\">\n\t\t\t\t<div class=\"elementor-widget-container\">\n\t\t\t\t\t<div class=\"elementor-spacer\">\n\t\t\t<div class=\"elementor-spacer-inner\"><\/div>\n\t\t<\/div>\n\t\t\t\t<\/div>\n\t\t\t\t<\/div>\n\t\t            <\/div>\n        <\/div>\n                    <\/div>\n        <\/section>\n        \t\t<\/div>","protected":false},"excerpt":{"rendered":"<p>About me Op.Dr. Aytek Co\u015far Place of birth : Adana \/ Ceyhan Birth year : January 16, 1982 Primary and secondary high school in Ceyhan 2000-2007 Ondokuz May\u0131s University Faculty of Medicine 2008-2012 \u0130zmir Atat\u00fcrk Training and Research Hospital Ophthalmology Specialty Training 2012-2015 Manisa Merkez Efendi State Hospital 2015-2018 Osmaniye State Hospital 2018-2023 Osmaniye Private Park [...]<\/p>","protected":false},"author":1,"featured_media":6107,"parent":0,"menu_order":0,"comment_status":"closed","ping_status":"closed","template":"","meta":{"footnotes":""},"class_list":["post-3493","page","type-page","status-publish","has-post-thumbnail","hentry"],"yoast_head":"<!-- This site is optimized with the Yoast SEO Premium plugin v22.5 (Yoast SEO v23.9) - https:\/\/yoast.com\/wordpress\/plugins\/seo\/ -->\n<title>Hakk\u0131m\u0131zda - Aytek Co\u015far G\u00f6z Doktoru Bodrum | Ok\u00fcloplasti | G\u00f6z Kapa\u011f\u0131<\/title>\n<meta name=\"description\" content=\"op.dr. Aytek Co\u015far Bodrum g\u00f6z doktoru, alt ve \u00fcst kapa\u011f\u0131 ameliyat\u0131, ka\u015f kald\u0131rma, botoks, ip ask\u0131, katarak ameliyat\u0131, hakk\u0131m\u0131zda, aytek co\u015far\" \/>\n<meta name=\"robots\" content=\"index, follow, max-snippet:-1, max-image-preview:large, max-video-preview:-1\" \/>\n<link rel=\"canonical\" href=\"https:\/\/aytekcosar.com\/en\/hakkimizda\/\" \/>\n<meta property=\"og:locale\" content=\"en_US\" \/>\n<meta property=\"og:type\" content=\"article\" \/>\n<meta property=\"og:title\" content=\"Hakk\u0131m\u0131zda\" \/>\n<meta property=\"og:description\" content=\"op.dr. Aytek Co\u015far Bodrum g\u00f6z doktoru, alt ve \u00fcst kapa\u011f\u0131 ameliyat\u0131, ka\u015f kald\u0131rma, botoks, ip ask\u0131, katarak ameliyat\u0131, hakk\u0131m\u0131zda, aytek co\u015far\" \/>\n<meta property=\"og:url\" content=\"https:\/\/aytekcosar.com\/en\/hakkimizda\/\" \/>\n<meta property=\"og:site_name\" content=\"Aytek Co\u015far G\u00f6z Doktoru Bodrum | Ok\u00fcloplasti | G\u00f6z Kapa\u011f\u0131\" \/>\n<meta property=\"article:publisher\" content=\"https:\/\/www.facebook.com\/opdraytekcosar\" \/>\n<meta property=\"article:modified_time\" content=\"2025-07-15T12:25:57+00:00\" \/>\n<meta property=\"og:image\" content=\"https:\/\/aytekcosar.com\/wp-content\/uploads\/2024\/03\/aytek-cosar-banner__1_-removebg-preview.png\" \/>\n\t<meta property=\"og:image:width\" content=\"437\" \/>\n\t<meta property=\"og:image:height\" content=\"571\" \/>\n\t<meta property=\"og:image:type\" content=\"image\/png\" \/>\n<meta name=\"twitter:card\" content=\"summary_large_image\" \/>\n<meta name=\"twitter:label1\" content=\"Est. reading time\" \/>\n\t<meta name=\"twitter:data1\" content=\"2 minutes\" \/>\n<script type=\"application\/ld+json\" class=\"yoast-schema-graph\">{\"@context\":\"https:\/\/schema.org\",\"@graph\":[{\"@type\":\"WebPage\",\"@id\":\"https:\/\/aytekcosar.com\/hakkimizda\/\",\"url\":\"https:\/\/aytekcosar.com\/hakkimizda\/\",\"name\":\"Hakk\u0131m\u0131zda - Aytek Co\u015far G\u00f6z Doktoru Bodrum | Ok\u00fcloplasti | G\u00f6z Kapa\u011f\u0131\",\"isPartOf\":{\"@id\":\"https:\/\/aytekcosar.com\/#website\"},\"primaryImageOfPage\":{\"@id\":\"https:\/\/aytekcosar.com\/hakkimizda\/#primaryimage\"},\"image\":{\"@id\":\"https:\/\/aytekcosar.com\/hakkimizda\/#primaryimage\"},\"thumbnailUrl\":\"https:\/\/aytekcosar.com\/wp-content\/uploads\/2024\/03\/aytek-cosar-banner__1_-removebg-preview.png\",\"datePublished\":\"2020-02-07T02:16:44+00:00\",\"dateModified\":\"2025-07-15T12:25:57+00:00\",\"description\":\"op.dr. Aytek Co\u015far Bodrum g\u00f6z doktoru, alt ve \u00fcst kapa\u011f\u0131 ameliyat\u0131, ka\u015f kald\u0131rma, botoks, ip ask\u0131, katarak ameliyat\u0131, hakk\u0131m\u0131zda, aytek co\u015far\",\"breadcrumb\":{\"@id\":\"https:\/\/aytekcosar.com\/hakkimizda\/#breadcrumb\"},\"inLanguage\":\"en-US\",\"potentialAction\":[{\"@type\":\"ReadAction\",\"target\":[\"https:\/\/aytekcosar.com\/hakkimizda\/\"]}]},{\"@type\":\"ImageObject\",\"inLanguage\":\"en-US\",\"@id\":\"https:\/\/aytekcosar.com\/hakkimizda\/#primaryimage\",\"url\":\"https:\/\/aytekcosar.com\/wp-content\/uploads\/2024\/03\/aytek-cosar-banner__1_-removebg-preview.png\",\"contentUrl\":\"https:\/\/aytekcosar.com\/wp-content\/uploads\/2024\/03\/aytek-cosar-banner__1_-removebg-preview.png\",\"width\":437,\"height\":571},{\"@type\":\"BreadcrumbList\",\"@id\":\"https:\/\/aytekcosar.com\/hakkimizda\/#breadcrumb\",\"itemListElement\":[{\"@type\":\"ListItem\",\"position\":1,\"name\":\"Anasayfa\",\"item\":\"https:\/\/aytekcosar.com\/\"},{\"@type\":\"ListItem\",\"position\":2,\"name\":\"Hakk\u0131m\u0131zda\"}]},{\"@type\":\"WebSite\",\"@id\":\"https:\/\/aytekcosar.com\/#website\",\"url\":\"https:\/\/aytekcosar.com\/\",\"name\":\"Op.Dr. Aytek Co\u015far Bodrum G\u00f6z Doktoru K\u00f6z Kapa\u011f\u0131 Ameliyatlar\u0131 | Ka\u015f Kald\u0131rma | Katarakt | Ok\u00fcloplasti\",\"description\":\"Bodrum G\u00f6z Doktoru K\u00f6z Kapa\u011f\u0131 Ameliyatlar\u0131 | Ka\u015f Kald\u0131rma | Katarakt | Ok\u00fcloplasti\",\"publisher\":{\"@id\":\"https:\/\/aytekcosar.com\/#organization\"},\"alternateName\":\"Bodrum G\u00f6z Doktoru, Bodrum en iyi g\u00f6z doktoru\",\"potentialAction\":[{\"@type\":\"SearchAction\",\"target\":{\"@type\":\"EntryPoint\",\"urlTemplate\":\"https:\/\/aytekcosar.com\/?s={search_term_string}\"},\"query-input\":{\"@type\":\"PropertyValueSpecification\",\"valueRequired\":true,\"valueName\":\"search_term_string\"}}],\"inLanguage\":\"en-US\"},{\"@type\":\"Organization\",\"@id\":\"https:\/\/aytekcosar.com\/#organization\",\"name\":\"Op.Dr. Aytek Co\u015far Bodrum G\u00f6z Doktoru K\u00f6z Kapa\u011f\u0131 Ameliyatlar\u0131 | Ka\u015f Kald\u0131rma | Katarakt | Ok\u00fcloplasti\",\"url\":\"https:\/\/aytekcosar.com\/\",\"logo\":{\"@type\":\"ImageObject\",\"inLanguage\":\"en-US\",\"@id\":\"https:\/\/aytekcosar.com\/#\/schema\/logo\/image\/\",\"url\":\"https:\/\/aytekcosar.com\/wp-content\/uploads\/2024\/05\/LOGOssss.png\",\"contentUrl\":\"https:\/\/aytekcosar.com\/wp-content\/uploads\/2024\/05\/LOGOssss.png\",\"width\":864,\"height\":454,\"caption\":\"Op.Dr. Aytek Co\u015far Bodrum G\u00f6z Doktoru K\u00f6z Kapa\u011f\u0131 Ameliyatlar\u0131 | Ka\u015f Kald\u0131rma | Katarakt | Ok\u00fcloplasti\"},\"image\":{\"@id\":\"https:\/\/aytekcosar.com\/#\/schema\/logo\/image\/\"},\"sameAs\":[\"https:\/\/www.facebook.com\/opdraytekcosar\",\"https:\/\/www.instagram.com\/opdraytekcosar\",\"https:\/\/tr.linkedin.com\/in\/aytek-cosar-a79b01128\"],\"description\":\"Op. Dr. Aytek Co\u015far, Bodrum\u2019da g\u00f6z sa\u011fl\u0131\u011f\u0131 ve estetik alan\u0131nda hizmet veren uzman g\u00f6z doktorudur. G\u00f6z kapa\u011f\u0131 ameliyatlar\u0131, ka\u015f kald\u0131rma, katarakt cerrahisi ve ok\u00fcloplastik i\u015flemlerle modern \u00e7\u00f6z\u00fcmler sunar.\",\"email\":\"mail@aytekcosar.com\",\"telephone\":\"444 7 888\",\"legalName\":\"Op. Dr. Aytek Co\u015far\"}]}<\/script>\n<!-- \/ Yoast SEO Premium plugin. -->","yoast_head_json":{"title":"Hakk\u0131m\u0131zda - Aytek Co\u015far G\u00f6z Doktoru Bodrum | Ok\u00fcloplasti | G\u00f6z Kapa\u011f\u0131","description":"op.dr. Aytek Co\u015far Bodrum g\u00f6z doktoru, alt ve \u00fcst kapa\u011f\u0131 ameliyat\u0131, ka\u015f kald\u0131rma, botoks, ip ask\u0131, katarak ameliyat\u0131, hakk\u0131m\u0131zda, aytek co\u015far","robots":{"index":"index","follow":"follow","max-snippet":"max-snippet:-1","max-image-preview":"max-image-preview:large","max-video-preview":"max-video-preview:-1"},"canonical":"https:\/\/aytekcosar.com\/en\/hakkimizda\/","og_locale":"en_US","og_type":"article","og_title":"Hakk\u0131m\u0131zda","og_description":"op.dr. Aytek Co\u015far Bodrum g\u00f6z doktoru, alt ve \u00fcst kapa\u011f\u0131 ameliyat\u0131, ka\u015f kald\u0131rma, botoks, ip ask\u0131, katarak ameliyat\u0131, hakk\u0131m\u0131zda, aytek co\u015far","og_url":"https:\/\/aytekcosar.com\/en\/hakkimizda\/","og_site_name":"Aytek Co\u015far G\u00f6z Doktoru Bodrum | Ok\u00fcloplasti | G\u00f6z Kapa\u011f\u0131","article_publisher":"https:\/\/www.facebook.com\/opdraytekcosar","article_modified_time":"2025-07-15T12:25:57+00:00","og_image":[{"width":437,"height":571,"url":"https:\/\/aytekcosar.com\/wp-content\/uploads\/2024\/03\/aytek-cosar-banner__1_-removebg-preview.png","type":"image\/png"}],"twitter_card":"summary_large_image","twitter_misc":{"Est. reading time":"2 minutes"},"schema":{"@context":"https:\/\/schema.org","@graph":[{"@type":"WebPage","@id":"https:\/\/aytekcosar.com\/hakkimizda\/","url":"https:\/\/aytekcosar.com\/hakkimizda\/","name":"Hakk\u0131m\u0131zda - Aytek Co\u015far G\u00f6z Doktoru Bodrum | Ok\u00fcloplasti | G\u00f6z Kapa\u011f\u0131","isPartOf":{"@id":"https:\/\/aytekcosar.com\/#website"},"primaryImageOfPage":{"@id":"https:\/\/aytekcosar.com\/hakkimizda\/#primaryimage"},"image":{"@id":"https:\/\/aytekcosar.com\/hakkimizda\/#primaryimage"},"thumbnailUrl":"https:\/\/aytekcosar.com\/wp-content\/uploads\/2024\/03\/aytek-cosar-banner__1_-removebg-preview.png","datePublished":"2020-02-07T02:16:44+00:00","dateModified":"2025-07-15T12:25:57+00:00","description":"op.dr. Aytek Co\u015far Bodrum g\u00f6z doktoru, alt ve \u00fcst kapa\u011f\u0131 ameliyat\u0131, ka\u015f kald\u0131rma, botoks, ip ask\u0131, katarak ameliyat\u0131, hakk\u0131m\u0131zda, aytek co\u015far","breadcrumb":{"@id":"https:\/\/aytekcosar.com\/hakkimizda\/#breadcrumb"},"inLanguage":"en-US","potentialAction":[{"@type":"ReadAction","target":["https:\/\/aytekcosar.com\/hakkimizda\/"]}]},{"@type":"ImageObject","inLanguage":"en-US","@id":"https:\/\/aytekcosar.com\/hakkimizda\/#primaryimage","url":"https:\/\/aytekcosar.com\/wp-content\/uploads\/2024\/03\/aytek-cosar-banner__1_-removebg-preview.png","contentUrl":"https:\/\/aytekcosar.com\/wp-content\/uploads\/2024\/03\/aytek-cosar-banner__1_-removebg-preview.png","width":437,"height":571},{"@type":"BreadcrumbList","@id":"https:\/\/aytekcosar.com\/hakkimizda\/#breadcrumb","itemListElement":[{"@type":"ListItem","position":1,"name":"Anasayfa","item":"https:\/\/aytekcosar.com\/"},{"@type":"ListItem","position":2,"name":"Hakk\u0131m\u0131zda"}]},{"@type":"WebSite","@id":"https:\/\/aytekcosar.com\/#website","url":"https:\/\/aytekcosar.com\/","name":"Op.Dr. Aytek Co\u015far Bodrum G\u00f6z Doktoru K\u00f6z Kapa\u011f\u0131 Ameliyatlar\u0131 | Ka\u015f Kald\u0131rma | Katarakt | Ok\u00fcloplasti","description":"Bodrum G\u00f6z Doktoru K\u00f6z Kapa\u011f\u0131 Ameliyatlar\u0131 | Ka\u015f Kald\u0131rma | Katarakt | Ok\u00fcloplasti","publisher":{"@id":"https:\/\/aytekcosar.com\/#organization"},"alternateName":"Bodrum G\u00f6z Doktoru, Bodrum en iyi g\u00f6z doktoru","potentialAction":[{"@type":"SearchAction","target":{"@type":"EntryPoint","urlTemplate":"https:\/\/aytekcosar.com\/?s={search_term_string}"},"query-input":{"@type":"PropertyValueSpecification","valueRequired":true,"valueName":"search_term_string"}}],"inLanguage":"en-US"},{"@type":"Organization","@id":"https:\/\/aytekcosar.com\/#organization","name":"Op.Dr. Aytek Co\u015far Bodrum G\u00f6z Doktoru K\u00f6z Kapa\u011f\u0131 Ameliyatlar\u0131 | Ka\u015f Kald\u0131rma | Katarakt | Ok\u00fcloplasti","url":"https:\/\/aytekcosar.com\/","logo":{"@type":"ImageObject","inLanguage":"en-US","@id":"https:\/\/aytekcosar.com\/#\/schema\/logo\/image\/","url":"https:\/\/aytekcosar.com\/wp-content\/uploads\/2024\/05\/LOGOssss.png","contentUrl":"https:\/\/aytekcosar.com\/wp-content\/uploads\/2024\/05\/LOGOssss.png","width":864,"height":454,"caption":"Op.Dr. Aytek Co\u015far Bodrum G\u00f6z Doktoru K\u00f6z Kapa\u011f\u0131 Ameliyatlar\u0131 | Ka\u015f Kald\u0131rma | Katarakt | Ok\u00fcloplasti"},"image":{"@id":"https:\/\/aytekcosar.com\/#\/schema\/logo\/image\/"},"sameAs":["https:\/\/www.facebook.com\/opdraytekcosar","https:\/\/www.instagram.com\/opdraytekcosar","https:\/\/tr.linkedin.com\/in\/aytek-cosar-a79b01128"],"description":"Op. Dr. Aytek Co\u015far, Bodrum\u2019da g\u00f6z sa\u011fl\u0131\u011f\u0131 ve estetik alan\u0131nda hizmet veren uzman g\u00f6z doktorudur. G\u00f6z kapa\u011f\u0131 ameliyatlar\u0131, ka\u015f kald\u0131rma, katarakt cerrahisi ve ok\u00fcloplastik i\u015flemlerle modern \u00e7\u00f6z\u00fcmler sunar.","email":"mail@aytekcosar.com","telephone":"444 7 888","legalName":"Op. Dr. Aytek Co\u015far"}]}},"_links":{"self":[{"href":"https:\/\/aytekcosar.com\/en\/wp-json\/wp\/v2\/pages\/3493","targetHints":{"allow":["GET"]}}],"collection":[{"href":"https:\/\/aytekcosar.com\/en\/wp-json\/wp\/v2\/pages"}],"about":[{"href":"https:\/\/aytekcosar.com\/en\/wp-json\/wp\/v2\/types\/page"}],"author":[{"embeddable":true,"href":"https:\/\/aytekcosar.com\/en\/wp-json\/wp\/v2\/users\/1"}],"replies":[{"embeddable":true,"href":"https:\/\/aytekcosar.com\/en\/wp-json\/wp\/v2\/comments?post=3493"}],"version-history":[{"count":9,"href":"https:\/\/aytekcosar.com\/en\/wp-json\/wp\/v2\/pages\/3493\/revisions"}],"predecessor-version":[{"id":6871,"href":"https:\/\/aytekcosar.com\/en\/wp-json\/wp\/v2\/pages\/3493\/revisions\/6871"}],"wp:featuredmedia":[{"embeddable":true,"href":"https:\/\/aytekcosar.com\/en\/wp-json\/wp\/v2\/media\/6107"}],"wp:attachment":[{"href":"https:\/\/aytekcosar.com\/en\/wp-json\/wp\/v2\/media?parent=3493"}],"curies":[{"name":"wp","href":"https:\/\/api.w.org\/{rel}","templated":true}]}}