{"id":3510,"date":"2020-02-07T02:19:20","date_gmt":"2020-02-07T02:19:20","guid":{"rendered":"https:\/\/demo.casethemes.net\/consultio-immigration\/?page_id=3510"},"modified":"2025-07-15T15:23:50","modified_gmt":"2025-07-15T12:23:50","slug":"iletisim","status":"publish","type":"page","link":"https:\/\/aytekcosar.com\/en\/iletisim\/","title":{"rendered":"Contact"},"content":{"rendered":"<div data-elementor-type=\"wp-page\" data-elementor-id=\"3510\" class=\"elementor elementor-3510\">\n\t\t\t\t        <section class=\"elementor-section elementor-top-section elementor-element elementor-element-1ef182c3 elementor-section-stretched elementor-section-boxed elementor-section-height-default elementor-section-height-default ct-header-fixed-none ct-row-max-none\" data-id=\"1ef182c3\" data-element_type=\"section\" data-settings=\"{&quot;stretch_section&quot;:&quot;section-stretched&quot;,&quot;background_background&quot;:&quot;classic&quot;}\">\n                            <div class=\"elementor-background-overlay\"><\/div>\n                \n                        <div class=\"elementor-container elementor-column-gap-extended\">\n                    <div class=\"elementor-column elementor-col-100 elementor-top-column elementor-element elementor-element-566b9921\" data-id=\"566b9921\" data-element_type=\"column\">\n        <div class=\"elementor-widget-wrap elementor-element-populated\">\n                    \n                <section class=\"elementor-section elementor-inner-section elementor-element elementor-element-4ef0cfbf elementor-section-content-middle elementor-section-boxed elementor-section-height-default elementor-section-height-default ct-header-fixed-none ct-row-max-none\" data-id=\"4ef0cfbf\" data-element_type=\"section\">\n            \n                        <div class=\"elementor-container elementor-column-gap-extended\">\n                    <div class=\"elementor-column elementor-col-50 elementor-inner-column elementor-element elementor-element-7758a428\" data-id=\"7758a428\" data-element_type=\"column\">\n        <div class=\"elementor-widget-wrap elementor-element-populated\">\n                    \n        \t\t<div class=\"elementor-element elementor-element-2df05f23 elementor-widget elementor-widget-ct_heading\" data-id=\"2df05f23\" data-element_type=\"widget\" data-widget_type=\"ct_heading.default\">\n\t\t\t\t<div class=\"elementor-widget-container\">\n\t\t\t<div id=\"ct_heading-2df05f23\" class=\"ct-heading h-align- sub- ct-heading-left item-st-line-left1\">\r\n\t<div class=\"ct-item--inner\">\r\n        <div class=\"ct-inline-css\"  data-css=\"            \">\r\n        <\/div>\r\n                <h3 class=\"item--title st-line-left1 wow wow fadeInLeft\" data-wow-delay=\"ms\">\r\n                        <span class=\"sp-main\">\r\n                                    <i><\/i>\r\n                \r\n                Contact for any help and information\r\n                \r\n                            <\/span>\r\n                    <\/h3>\r\n    <\/div>\r\n<\/div>\t\t<\/div>\n\t\t\t\t<\/div>\n\t\t            <\/div>\n        <\/div>\n                <div class=\"elementor-column elementor-col-50 elementor-inner-column elementor-element elementor-element-63bcdcfc\" data-id=\"63bcdcfc\" data-element_type=\"column\">\n        <div class=\"elementor-widget-wrap elementor-element-populated\">\n                    \n        \t\t<div class=\"elementor-element elementor-element-3c6d7533 wow fadeInRight elementor-widget elementor-widget-text-editor\" data-id=\"3c6d7533\" data-element_type=\"widget\" data-widget_type=\"text-editor.default\">\n\t\t\t\t<div class=\"elementor-widget-container\">\n\t\t\t\t\t\t\t<p>We are happy to discuss your organization's situation. So please contact us via the information below or enter your request.<\/p>\t\t\t\t\t\t<\/div>\n\t\t\t\t<\/div>\n\t\t            <\/div>\n        <\/div>\n                    <\/div>\n        <\/section>\n                <section class=\"elementor-section elementor-inner-section elementor-element elementor-element-2fc27fd7 elementor-section-boxed elementor-section-height-default elementor-section-height-default ct-header-fixed-none ct-row-max-none\" data-id=\"2fc27fd7\" data-element_type=\"section\">\n            \n                        <div class=\"elementor-container elementor-column-gap-extended\">\n                    <div class=\"elementor-column elementor-col-50 elementor-inner-column elementor-element elementor-element-37ecd392\" data-id=\"37ecd392\" data-element_type=\"column\">\n        <div class=\"elementor-widget-wrap elementor-element-populated\">\n                    \n        \t\t<div class=\"elementor-element elementor-element-60636a70 elementor-widget elementor-widget-ct_fancy_box\" data-id=\"60636a70\" data-element_type=\"widget\" data-widget_type=\"ct_fancy_box.default\">\n\t\t\t\t<div class=\"elementor-widget-container\">\n\t\t\t<div class=\"ct-fancy-box ct-fancy-box-layout3 style1 wow fadeInUp\" data-wow-delay=\"ms\">\r\n            <div class=\"item--icon\">\r\n            <i aria-hidden=\"true\" class=\"fas fa-map-marker-alt\"><\/i>        <\/div>\r\n            <div class=\"item--holder\">\r\n        <h3 class=\"item--title\">\r\n            Address:        <\/h3>\r\n        <div class=\"item--description\">Muskebi, Badrum Cad No:2\/2 Interior Door No:1, 48420 Bodrum\/Mu\u011fla<\/div>\r\n    <\/div>\r\n<\/div>\t\t<\/div>\n\t\t\t\t<\/div>\n\t\t\t\t<div class=\"elementor-element elementor-element-18b7ca15 elementor-widget elementor-widget-ct_fancy_box\" data-id=\"18b7ca15\" data-element_type=\"widget\" data-widget_type=\"ct_fancy_box.default\">\n\t\t\t\t<div class=\"elementor-widget-container\">\n\t\t\t<div class=\"ct-fancy-box ct-fancy-box-layout3 style1 wow fadeInUp\" data-wow-delay=\"ms\">\r\n            <div class=\"item--icon\">\r\n            <i aria-hidden=\"true\" class=\"fas fa-phone-alt\"><\/i>        <\/div>\r\n            <div class=\"item--holder\">\r\n        <h3 class=\"item--title\">\r\n            Telephone        <\/h3>\r\n        <div class=\"item--description\">444 7 888<\/div>\r\n    <\/div>\r\n<\/div>\t\t<\/div>\n\t\t\t\t<\/div>\n\t\t\t\t<div class=\"elementor-element elementor-element-1b301a3e elementor-widget elementor-widget-ct_fancy_box\" data-id=\"1b301a3e\" data-element_type=\"widget\" data-widget_type=\"ct_fancy_box.default\">\n\t\t\t\t<div class=\"elementor-widget-container\">\n\t\t\t<div class=\"ct-fancy-box ct-fancy-box-layout3 style1 wow fadeInUp\" data-wow-delay=\"ms\">\r\n            <div class=\"item--icon\">\r\n            <i aria-hidden=\"true\" class=\"fas fa-envelope\"><\/i>        <\/div>\r\n            <div class=\"item--holder\">\r\n        <h3 class=\"item--title\">\r\n            Email        <\/h3>\r\n        <div class=\"item--description\">mail@aytekcosar.com<\/div>\r\n    <\/div>\r\n<\/div>\t\t<\/div>\n\t\t\t\t<\/div>\n\t\t\t\t<div class=\"elementor-element elementor-element-dd8549f elementor-widget elementor-widget-ct_fancy_box\" data-id=\"dd8549f\" data-element_type=\"widget\" data-widget_type=\"ct_fancy_box.default\">\n\t\t\t\t<div class=\"elementor-widget-container\">\n\t\t\t<div class=\"ct-fancy-box ct-fancy-box-layout3 style1 wow fadeInUp\" data-wow-delay=\"ms\">\r\n            <div class=\"item--icon\">\r\n            <i aria-hidden=\"true\" class=\"material zmdi zmdi-calendar-note\"><\/i>        <\/div>\r\n            <div class=\"item--holder\">\r\n        <h3 class=\"item--title\">\r\n            Create an Appointment        <\/h3>\r\n        <div class=\"item--description\">Create an appointment for a suitable time slot\n<\/div>\r\n    <\/div>\r\n<\/div>\t\t<\/div>\n\t\t\t\t<\/div>\n\t\t            <\/div>\n        <\/div>\n                <div class=\"elementor-column elementor-col-50 elementor-inner-column elementor-element elementor-element-2c6b7216\" data-id=\"2c6b7216\" data-element_type=\"column\">\n        <div class=\"elementor-widget-wrap elementor-element-populated\">\n                    \n        \t\t<div class=\"elementor-element elementor-element-13694b3f elementor-widget elementor-widget-ct_ctf7\" data-id=\"13694b3f\" data-element_type=\"widget\" data-widget_type=\"ct_ctf7.default\">\n\t\t\t\t<div class=\"elementor-widget-container\">\n\t\t\t    <div class=\"ct-contact-form-layout1 style1 wow fadeInRight\">\r\n                <div class=\"ct-contact-form-inner\">\r\n        \t            <div class=\"ct-contact-form\">\r\n                \n<div class=\"wpcf7 no-js\" id=\"wpcf7-f5003-o1\" lang=\"en-US\" dir=\"ltr\" data-wpcf7-id=\"5003\">\n<div class=\"screen-reader-response\"><p role=\"status\" aria-live=\"polite\" aria-atomic=\"true\"><\/p> <ul><\/ul><\/div>\n<form action=\"\/wp-json\/wp\/v2\/pages\/3510\" method=\"post\" class=\"wpcf7-form init\" aria-label=\"Contact form\" novalidate=\"novalidate\" data-status=\"init\" data-trp-original-action=\"\/en\/wp-json\/wp\/v2\/pages\/3510#wpcf7-f5003-o1\">\n<div style=\"display: none;\">\n<input type=\"hidden\" name=\"_wpcf7\" value=\"5003\" \/>\n<input type=\"hidden\" name=\"_wpcf7_version\" value=\"6.0.3\" \/>\n<input type=\"hidden\" name=\"_wpcf7_locale\" value=\"en_US\" \/>\n<input type=\"hidden\" name=\"_wpcf7_unit_tag\" value=\"wpcf7-f5003-o1\" \/>\n<input type=\"hidden\" name=\"_wpcf7_container_post\" value=\"0\" \/>\n<input type=\"hidden\" name=\"_wpcf7_posted_data_hash\" value=\"\" \/>\n<input type=\"hidden\" name=\"_wpcf7_recaptcha_response\" value=\"\" \/>\n<\/div>\n<div class=\"row\">\n\t<div class=\"input-filled col-lg-6 col-md-6\">\n\t\t<p><span class=\"wpcf7-form-control-wrap\" data-name=\"first-name\"><input size=\"40\" maxlength=\"400\" class=\"wpcf7-form-control wpcf7-text wpcf7-validates-as-required\" aria-required=\"true\" aria-invalid=\"false\" placeholder=\"Name *\" value=\"\" type=\"text\" name=\"first-name\" \/><\/span>\n\t\t<\/p>\n\t<\/div>\n\t<div class=\"input-filled col-lg-6 col-md-6\">\n\t\t<p><span class=\"wpcf7-form-control-wrap\" data-name=\"last-name\"><input size=\"40\" maxlength=\"400\" class=\"wpcf7-form-control wpcf7-text wpcf7-validates-as-required\" aria-required=\"true\" aria-invalid=\"false\" placeholder=\"Surname *\" value=\"\" type=\"text\" name=\"last-name\" \/><\/span>\n\t\t<\/p>\n\t<\/div>\n<\/div>\n<div class=\"row\">\n\t<div class=\"input-filled col-lg-6 col-md-6\">\n\t\t<p><span class=\"wpcf7-form-control-wrap\" data-name=\"your-email\"><input size=\"40\" maxlength=\"400\" class=\"wpcf7-form-control wpcf7-email wpcf7-validates-as-required wpcf7-text wpcf7-validates-as-email\" aria-required=\"true\" aria-invalid=\"false\" placeholder=\"Email *\" value=\"\" type=\"email\" name=\"your-email\" \/><\/span>\n\t\t<\/p>\n\t<\/div>\n\t<div class=\"input-filled col-lg-6 col-md-6\">\n\t\t<p><span class=\"wpcf7-form-control-wrap\" data-name=\"your-phone\"><input size=\"40\" maxlength=\"400\" class=\"wpcf7-form-control wpcf7-text wpcf7-validates-as-required\" aria-required=\"true\" aria-invalid=\"false\" placeholder=\"Phone Number *\" value=\"\" type=\"text\" name=\"your-phone\" \/><\/span>\n\t\t<\/p>\n\t<\/div>\n<\/div>\n<div class=\"row\">\n\t<div class=\"input-filled col-12\">\n\t\t<p><span class=\"wpcf7-form-control-wrap\" data-name=\"your-message\"><textarea cols=\"40\" rows=\"10\" maxlength=\"2000\" class=\"wpcf7-form-control wpcf7-textarea wpcf7-validates-as-required\" aria-required=\"true\" aria-invalid=\"false\" placeholder=\"Your message...\" name=\"your-message\"><\/textarea><\/span>\n\t\t<\/p>\n\t<\/div>\n\t<div class=\"input-filled col-12\">\n\t\t<p><button type=\"submit\" class=\"wpcf7-submit btn btn-block hover-white\"><i class=\"fac fac-arrow-circle-right space-right\"><\/i>Send<\/button>\n\t\t<\/p>\n\t<\/div>\n<\/div><div class=\"wpcf7-response-output\" aria-hidden=\"true\"><\/div>\n<input type=\"hidden\" name=\"trp-form-language\" value=\"en\"\/><\/form>\n<\/div>\n            <\/div>\r\n        <\/div>\r\n            <\/div>\r\n\t\t<\/div>\n\t\t\t\t<\/div>\n\t\t            <\/div>\n        <\/div>\n                    <\/div>\n        <\/section>\n                    <\/div>\n        <\/div>\n                    <\/div>\n        <\/section>\n                <section class=\"elementor-section elementor-top-section elementor-element elementor-element-dd756b3 elementor-section-stretched elementor-section-full_width elementor-section-height-default elementor-section-height-default ct-header-fixed-none ct-row-max-none\" data-id=\"dd756b3\" data-element_type=\"section\" data-settings=\"{&quot;stretch_section&quot;:&quot;section-stretched&quot;}\">\n            \n                        <div class=\"elementor-container elementor-column-gap-no\">\n                    <div class=\"elementor-column elementor-col-100 elementor-top-column elementor-element elementor-element-eda45db\" data-id=\"eda45db\" data-element_type=\"column\">\n        <div class=\"elementor-widget-wrap elementor-element-populated\">\n                    \n        \t\t<div class=\"elementor-element elementor-element-2d29b35 elementor-widget elementor-widget-google_maps\" data-id=\"2d29b35\" data-element_type=\"widget\" data-widget_type=\"google_maps.default\">\n\t\t\t\t<div class=\"elementor-widget-container\">\n\t\t\t\t\t<div class=\"elementor-custom-embed\">\n\t\t\t<iframe loading=\"lazy\"\n\t\t\t\t\tsrc=\"https:\/\/maps.google.com\/maps?q=Memorial%20Bodrum%20Hastanesi%2C%20M%C3%BCskebi%2C%20Badrum%20Cad%20No%3A2%2F2%20%C4%B0%C3%A7%20Kap%C4%B1%20No%3A1%2C%2048420%20Bodrum%2FMu%C4%9Fla&#038;t=m&#038;z=10&#038;output=embed&#038;iwloc=near\"\n\t\t\t\t\ttitle=\"Memorial Bodrum Hospital, Muskebi, Badrum Cad No:2\/2 Interior Door No:1, 48420 Bodrum\/Mu\u011fla\"\n\t\t\t\t\taria-label=\"Memorial Bodrum Hospital, Muskebi, Badrum Cad No:2\/2 Interior Door No:1, 48420 Bodrum\/Mu\u011fla\"\n\t\t\t><\/iframe>\n\t\t<\/div>\n\t\t\t\t<\/div>\n\t\t\t\t<\/div>\n\t\t            <\/div>\n        <\/div>\n                    <\/div>\n        <\/section>\n        \t\t<\/div>","protected":false},"excerpt":{"rendered":"<p>Get in touch for any help and information We are happy to discuss your organization's situation. So please contact us via the information below or enter your request. Address Muskebi, Badrum Cad No:2\/2 Interior Door No:1, 48420 Bodrum\/Mu\u011fla Phone 444 7 888 Email mail@aytekcosar.com Create an Appointment Create an appointment for a convenient time slot Send<\/p>","protected":false},"author":1,"featured_media":6488,"parent":0,"menu_order":0,"comment_status":"closed","ping_status":"closed","template":"","meta":{"footnotes":""},"class_list":["post-3510","page","type-page","status-publish","has-post-thumbnail","hentry"],"yoast_head":"<!-- This site is optimized with the Yoast SEO Premium plugin v22.5 (Yoast SEO v23.9) - https:\/\/yoast.com\/wordpress\/plugins\/seo\/ -->\n<title>\u0130leti\u015fim - Aytek Co\u015far G\u00f6z Doktoru Bodrum | Ok\u00fcloplasti | G\u00f6z Kapa\u011f\u0131<\/title>\n<meta name=\"description\" content=\"op.dr.Aytek Co\u015far Bodrum g\u00f6z doktoru, alt ve \u00fcst kapa\u011f\u0131 amaliyat\u0131, ka\u015f kald\u0131rma, botoks, ip ask\u0131, katarak amiliyat\u0131, ileti\u015fim, aytek co\u015far\" \/>\n<meta name=\"robots\" content=\"index, follow, max-snippet:-1, max-image-preview:large, max-video-preview:-1\" \/>\n<link rel=\"canonical\" href=\"https:\/\/aytekcosar.com\/en\/iletisim\/\" \/>\n<meta property=\"og:locale\" content=\"en_US\" \/>\n<meta property=\"og:type\" content=\"article\" \/>\n<meta property=\"og:title\" content=\"\u0130leti\u015fim\" \/>\n<meta property=\"og:description\" content=\"op.dr.Aytek Co\u015far Bodrum g\u00f6z doktoru, alt ve \u00fcst kapa\u011f\u0131 amaliyat\u0131, ka\u015f kald\u0131rma, botoks, ip ask\u0131, katarak amiliyat\u0131, ileti\u015fim, aytek co\u015far\" \/>\n<meta property=\"og:url\" content=\"https:\/\/aytekcosar.com\/en\/iletisim\/\" \/>\n<meta property=\"og:site_name\" content=\"Aytek Co\u015far G\u00f6z Doktoru Bodrum | Ok\u00fcloplasti | G\u00f6z Kapa\u011f\u0131\" \/>\n<meta property=\"article:publisher\" content=\"https:\/\/www.facebook.com\/opdraytekcosar\" \/>\n<meta property=\"article:modified_time\" content=\"2025-07-15T12:23:50+00:00\" \/>\n<meta property=\"og:image\" content=\"https:\/\/aytekcosar.com\/wp-content\/uploads\/2024\/05\/aytek-bg.jpg\" \/>\n\t<meta property=\"og:image:width\" content=\"1920\" \/>\n\t<meta property=\"og:image:height\" content=\"710\" \/>\n\t<meta property=\"og:image:type\" content=\"image\/jpeg\" \/>\n<meta name=\"twitter:card\" content=\"summary_large_image\" \/>\n<meta name=\"twitter:label1\" content=\"Est. reading time\" \/>\n\t<meta name=\"twitter:data1\" content=\"1 minute\" \/>\n<script type=\"application\/ld+json\" class=\"yoast-schema-graph\">{\"@context\":\"https:\/\/schema.org\",\"@graph\":[{\"@type\":\"WebPage\",\"@id\":\"https:\/\/aytekcosar.com\/iletisim\/\",\"url\":\"https:\/\/aytekcosar.com\/iletisim\/\",\"name\":\"\u0130leti\u015fim - Aytek Co\u015far G\u00f6z Doktoru Bodrum | Ok\u00fcloplasti | G\u00f6z Kapa\u011f\u0131\",\"isPartOf\":{\"@id\":\"https:\/\/aytekcosar.com\/#website\"},\"primaryImageOfPage\":{\"@id\":\"https:\/\/aytekcosar.com\/iletisim\/#primaryimage\"},\"image\":{\"@id\":\"https:\/\/aytekcosar.com\/iletisim\/#primaryimage\"},\"thumbnailUrl\":\"https:\/\/aytekcosar.com\/wp-content\/uploads\/2024\/05\/aytek-bg.jpg\",\"datePublished\":\"2020-02-07T02:19:20+00:00\",\"dateModified\":\"2025-07-15T12:23:50+00:00\",\"description\":\"op.dr.Aytek Co\u015far Bodrum g\u00f6z doktoru, alt ve \u00fcst kapa\u011f\u0131 amaliyat\u0131, ka\u015f kald\u0131rma, botoks, ip ask\u0131, katarak amiliyat\u0131, ileti\u015fim, aytek co\u015far\",\"breadcrumb\":{\"@id\":\"https:\/\/aytekcosar.com\/iletisim\/#breadcrumb\"},\"inLanguage\":\"en-US\",\"potentialAction\":[{\"@type\":\"ReadAction\",\"target\":[\"https:\/\/aytekcosar.com\/iletisim\/\"]}]},{\"@type\":\"ImageObject\",\"inLanguage\":\"en-US\",\"@id\":\"https:\/\/aytekcosar.com\/iletisim\/#primaryimage\",\"url\":\"https:\/\/aytekcosar.com\/wp-content\/uploads\/2024\/05\/aytek-bg.jpg\",\"contentUrl\":\"https:\/\/aytekcosar.com\/wp-content\/uploads\/2024\/05\/aytek-bg.jpg\",\"width\":1920,\"height\":710},{\"@type\":\"BreadcrumbList\",\"@id\":\"https:\/\/aytekcosar.com\/iletisim\/#breadcrumb\",\"itemListElement\":[{\"@type\":\"ListItem\",\"position\":1,\"name\":\"Anasayfa\",\"item\":\"https:\/\/aytekcosar.com\/\"},{\"@type\":\"ListItem\",\"position\":2,\"name\":\"\u0130leti\u015fim\"}]},{\"@type\":\"WebSite\",\"@id\":\"https:\/\/aytekcosar.com\/#website\",\"url\":\"https:\/\/aytekcosar.com\/\",\"name\":\"Op.Dr. Aytek Co\u015far Bodrum G\u00f6z Doktoru K\u00f6z Kapa\u011f\u0131 Ameliyatlar\u0131 | Ka\u015f Kald\u0131rma | Katarakt | Ok\u00fcloplasti\",\"description\":\"Bodrum G\u00f6z Doktoru K\u00f6z Kapa\u011f\u0131 Ameliyatlar\u0131 | Ka\u015f Kald\u0131rma | Katarakt | Ok\u00fcloplasti\",\"publisher\":{\"@id\":\"https:\/\/aytekcosar.com\/#organization\"},\"alternateName\":\"Bodrum G\u00f6z Doktoru, Bodrum en iyi g\u00f6z doktoru\",\"potentialAction\":[{\"@type\":\"SearchAction\",\"target\":{\"@type\":\"EntryPoint\",\"urlTemplate\":\"https:\/\/aytekcosar.com\/?s={search_term_string}\"},\"query-input\":{\"@type\":\"PropertyValueSpecification\",\"valueRequired\":true,\"valueName\":\"search_term_string\"}}],\"inLanguage\":\"en-US\"},{\"@type\":\"Organization\",\"@id\":\"https:\/\/aytekcosar.com\/#organization\",\"name\":\"Op.Dr. Aytek Co\u015far Bodrum G\u00f6z Doktoru K\u00f6z Kapa\u011f\u0131 Ameliyatlar\u0131 | Ka\u015f Kald\u0131rma | Katarakt | Ok\u00fcloplasti\",\"url\":\"https:\/\/aytekcosar.com\/\",\"logo\":{\"@type\":\"ImageObject\",\"inLanguage\":\"en-US\",\"@id\":\"https:\/\/aytekcosar.com\/#\/schema\/logo\/image\/\",\"url\":\"https:\/\/aytekcosar.com\/wp-content\/uploads\/2024\/05\/LOGOssss.png\",\"contentUrl\":\"https:\/\/aytekcosar.com\/wp-content\/uploads\/2024\/05\/LOGOssss.png\",\"width\":864,\"height\":454,\"caption\":\"Op.Dr. Aytek Co\u015far Bodrum G\u00f6z Doktoru K\u00f6z Kapa\u011f\u0131 Ameliyatlar\u0131 | Ka\u015f Kald\u0131rma | Katarakt | Ok\u00fcloplasti\"},\"image\":{\"@id\":\"https:\/\/aytekcosar.com\/#\/schema\/logo\/image\/\"},\"sameAs\":[\"https:\/\/www.facebook.com\/opdraytekcosar\",\"https:\/\/www.instagram.com\/opdraytekcosar\",\"https:\/\/tr.linkedin.com\/in\/aytek-cosar-a79b01128\"],\"description\":\"Op. Dr. Aytek Co\u015far, Bodrum\u2019da g\u00f6z sa\u011fl\u0131\u011f\u0131 ve estetik alan\u0131nda hizmet veren uzman g\u00f6z doktorudur. G\u00f6z kapa\u011f\u0131 ameliyatlar\u0131, ka\u015f kald\u0131rma, katarakt cerrahisi ve ok\u00fcloplastik i\u015flemlerle modern \u00e7\u00f6z\u00fcmler sunar.\",\"email\":\"mail@aytekcosar.com\",\"telephone\":\"444 7 888\",\"legalName\":\"Op. Dr. Aytek Co\u015far\"}]}<\/script>\n<!-- \/ Yoast SEO Premium plugin. -->","yoast_head_json":{"title":"\u0130leti\u015fim - Aytek Co\u015far G\u00f6z Doktoru Bodrum | Ok\u00fcloplasti | G\u00f6z Kapa\u011f\u0131","description":"op.dr.Aytek Co\u015far Bodrum g\u00f6z doktoru, alt ve \u00fcst kapa\u011f\u0131 amaliyat\u0131, ka\u015f kald\u0131rma, botoks, ip ask\u0131, katarak amiliyat\u0131, ileti\u015fim, aytek co\u015far","robots":{"index":"index","follow":"follow","max-snippet":"max-snippet:-1","max-image-preview":"max-image-preview:large","max-video-preview":"max-video-preview:-1"},"canonical":"https:\/\/aytekcosar.com\/en\/iletisim\/","og_locale":"en_US","og_type":"article","og_title":"\u0130leti\u015fim","og_description":"op.dr.Aytek Co\u015far Bodrum g\u00f6z doktoru, alt ve \u00fcst kapa\u011f\u0131 amaliyat\u0131, ka\u015f kald\u0131rma, botoks, ip ask\u0131, katarak amiliyat\u0131, ileti\u015fim, aytek co\u015far","og_url":"https:\/\/aytekcosar.com\/en\/iletisim\/","og_site_name":"Aytek Co\u015far G\u00f6z Doktoru Bodrum | Ok\u00fcloplasti | G\u00f6z Kapa\u011f\u0131","article_publisher":"https:\/\/www.facebook.com\/opdraytekcosar","article_modified_time":"2025-07-15T12:23:50+00:00","og_image":[{"width":1920,"height":710,"url":"https:\/\/aytekcosar.com\/wp-content\/uploads\/2024\/05\/aytek-bg.jpg","type":"image\/jpeg"}],"twitter_card":"summary_large_image","twitter_misc":{"Est. reading time":"1 minute"},"schema":{"@context":"https:\/\/schema.org","@graph":[{"@type":"WebPage","@id":"https:\/\/aytekcosar.com\/iletisim\/","url":"https:\/\/aytekcosar.com\/iletisim\/","name":"\u0130leti\u015fim - Aytek Co\u015far G\u00f6z Doktoru Bodrum | Ok\u00fcloplasti | G\u00f6z Kapa\u011f\u0131","isPartOf":{"@id":"https:\/\/aytekcosar.com\/#website"},"primaryImageOfPage":{"@id":"https:\/\/aytekcosar.com\/iletisim\/#primaryimage"},"image":{"@id":"https:\/\/aytekcosar.com\/iletisim\/#primaryimage"},"thumbnailUrl":"https:\/\/aytekcosar.com\/wp-content\/uploads\/2024\/05\/aytek-bg.jpg","datePublished":"2020-02-07T02:19:20+00:00","dateModified":"2025-07-15T12:23:50+00:00","description":"op.dr.Aytek Co\u015far Bodrum g\u00f6z doktoru, alt ve \u00fcst kapa\u011f\u0131 amaliyat\u0131, ka\u015f kald\u0131rma, botoks, ip ask\u0131, katarak amiliyat\u0131, ileti\u015fim, aytek co\u015far","breadcrumb":{"@id":"https:\/\/aytekcosar.com\/iletisim\/#breadcrumb"},"inLanguage":"en-US","potentialAction":[{"@type":"ReadAction","target":["https:\/\/aytekcosar.com\/iletisim\/"]}]},{"@type":"ImageObject","inLanguage":"en-US","@id":"https:\/\/aytekcosar.com\/iletisim\/#primaryimage","url":"https:\/\/aytekcosar.com\/wp-content\/uploads\/2024\/05\/aytek-bg.jpg","contentUrl":"https:\/\/aytekcosar.com\/wp-content\/uploads\/2024\/05\/aytek-bg.jpg","width":1920,"height":710},{"@type":"BreadcrumbList","@id":"https:\/\/aytekcosar.com\/iletisim\/#breadcrumb","itemListElement":[{"@type":"ListItem","position":1,"name":"Anasayfa","item":"https:\/\/aytekcosar.com\/"},{"@type":"ListItem","position":2,"name":"\u0130leti\u015fim"}]},{"@type":"WebSite","@id":"https:\/\/aytekcosar.com\/#website","url":"https:\/\/aytekcosar.com\/","name":"Op.Dr. Aytek Co\u015far Bodrum G\u00f6z Doktoru K\u00f6z Kapa\u011f\u0131 Ameliyatlar\u0131 | Ka\u015f Kald\u0131rma | Katarakt | Ok\u00fcloplasti","description":"Bodrum G\u00f6z Doktoru K\u00f6z Kapa\u011f\u0131 Ameliyatlar\u0131 | Ka\u015f Kald\u0131rma | Katarakt | Ok\u00fcloplasti","publisher":{"@id":"https:\/\/aytekcosar.com\/#organization"},"alternateName":"Bodrum G\u00f6z Doktoru, Bodrum en iyi g\u00f6z doktoru","potentialAction":[{"@type":"SearchAction","target":{"@type":"EntryPoint","urlTemplate":"https:\/\/aytekcosar.com\/?s={search_term_string}"},"query-input":{"@type":"PropertyValueSpecification","valueRequired":true,"valueName":"search_term_string"}}],"inLanguage":"en-US"},{"@type":"Organization","@id":"https:\/\/aytekcosar.com\/#organization","name":"Op.Dr. Aytek Co\u015far Bodrum G\u00f6z Doktoru K\u00f6z Kapa\u011f\u0131 Ameliyatlar\u0131 | Ka\u015f Kald\u0131rma | Katarakt | Ok\u00fcloplasti","url":"https:\/\/aytekcosar.com\/","logo":{"@type":"ImageObject","inLanguage":"en-US","@id":"https:\/\/aytekcosar.com\/#\/schema\/logo\/image\/","url":"https:\/\/aytekcosar.com\/wp-content\/uploads\/2024\/05\/LOGOssss.png","contentUrl":"https:\/\/aytekcosar.com\/wp-content\/uploads\/2024\/05\/LOGOssss.png","width":864,"height":454,"caption":"Op.Dr. Aytek Co\u015far Bodrum G\u00f6z Doktoru K\u00f6z Kapa\u011f\u0131 Ameliyatlar\u0131 | Ka\u015f Kald\u0131rma | Katarakt | Ok\u00fcloplasti"},"image":{"@id":"https:\/\/aytekcosar.com\/#\/schema\/logo\/image\/"},"sameAs":["https:\/\/www.facebook.com\/opdraytekcosar","https:\/\/www.instagram.com\/opdraytekcosar","https:\/\/tr.linkedin.com\/in\/aytek-cosar-a79b01128"],"description":"Op. Dr. Aytek Co\u015far, Bodrum\u2019da g\u00f6z sa\u011fl\u0131\u011f\u0131 ve estetik alan\u0131nda hizmet veren uzman g\u00f6z doktorudur. G\u00f6z kapa\u011f\u0131 ameliyatlar\u0131, ka\u015f kald\u0131rma, katarakt cerrahisi ve ok\u00fcloplastik i\u015flemlerle modern \u00e7\u00f6z\u00fcmler sunar.","email":"mail@aytekcosar.com","telephone":"444 7 888","legalName":"Op. Dr. Aytek Co\u015far"}]}},"_links":{"self":[{"href":"https:\/\/aytekcosar.com\/en\/wp-json\/wp\/v2\/pages\/3510","targetHints":{"allow":["GET"]}}],"collection":[{"href":"https:\/\/aytekcosar.com\/en\/wp-json\/wp\/v2\/pages"}],"about":[{"href":"https:\/\/aytekcosar.com\/en\/wp-json\/wp\/v2\/types\/page"}],"author":[{"embeddable":true,"href":"https:\/\/aytekcosar.com\/en\/wp-json\/wp\/v2\/users\/1"}],"replies":[{"embeddable":true,"href":"https:\/\/aytekcosar.com\/en\/wp-json\/wp\/v2\/comments?post=3510"}],"version-history":[{"count":18,"href":"https:\/\/aytekcosar.com\/en\/wp-json\/wp\/v2\/pages\/3510\/revisions"}],"predecessor-version":[{"id":6868,"href":"https:\/\/aytekcosar.com\/en\/wp-json\/wp\/v2\/pages\/3510\/revisions\/6868"}],"wp:featuredmedia":[{"embeddable":true,"href":"https:\/\/aytekcosar.com\/en\/wp-json\/wp\/v2\/media\/6488"}],"wp:attachment":[{"href":"https:\/\/aytekcosar.com\/en\/wp-json\/wp\/v2\/media?parent=3510"}],"curies":[{"name":"wp","href":"https:\/\/api.w.org\/{rel}","templated":true}]}}