{"id":6877,"date":"2026-03-10T15:26:57","date_gmt":"2026-03-10T12:26:57","guid":{"rendered":"https:\/\/aytekcosar.com\/?page_id=6877"},"modified":"2026-03-10T15:29:30","modified_gmt":"2026-03-10T12:29:30","slug":"kvkk-metni","status":"publish","type":"page","link":"https:\/\/aytekcosar.com\/en\/kvkk-metni\/","title":{"rendered":"KVKK Metni"},"content":{"rendered":"<div data-elementor-type=\"wp-page\" data-elementor-id=\"6877\" class=\"elementor elementor-6877\">\n\t\t\t\t<div class=\"elementor-element elementor-element-7c4b5a6 e-flex e-con-boxed e-con e-parent\" data-id=\"7c4b5a6\" data-element_type=\"container\">\n\t\t\t\t\t<div class=\"e-con-inner\">\n\t\t\t\t<div class=\"elementor-element elementor-element-5bbef4bf elementor-widget elementor-widget-text-editor\" data-id=\"5bbef4bf\" data-element_type=\"widget\" data-widget_type=\"text-editor.default\">\n\t\t\t\t<div class=\"elementor-widget-container\">\n\t\t\t\t\t\t\t<h1 data-path-to-node=\"3\">K\u0130\u015e\u0130SEL VER\u0130LER\u0130N KORUNMASI VE \u0130\u015eLENMES\u0130 AYDINLATMA METN\u0130<\/h1><p data-path-to-node=\"4\">Veri sorumlusu s\u0131fat\u0131yla <b data-path-to-node=\"4\" data-index-in-node=\"25\">Op. Dr. Aytek Co\u015far<\/b> olarak; hastalar\u0131m\u0131z\u0131n, dan\u0131\u015fanlar\u0131m\u0131z\u0131n ve web sitesi ziyaret\u00e7ilerimizin ki\u015fisel verilerinin g\u00fcvenli\u011fine, mahremiyetine ve hukuka uygun \u015fekilde i\u015flenmesine b\u00fcy\u00fck \u00f6nem vermekteyiz. 6698 say\u0131l\u0131 Ki\u015fisel Verilerin Korunmas\u0131 Kanunu (\u201cKVKK\u201d) uyar\u0131nca, verileriniz a\u015fa\u011f\u0131da belirtilen kapsamda i\u015flenmektedir.<\/p><h3 data-path-to-node=\"5\">1. VER\u0130 SORUMLUSU<\/h3><p data-path-to-node=\"6\"><b data-path-to-node=\"6\" data-index-in-node=\"0\">Ad Soyad:<\/b> Op. Dr. Aytek Co\u015far<\/p><p data-path-to-node=\"7\"><b data-path-to-node=\"7\" data-index-in-node=\"0\">Uzmanl\u0131k:<\/b> G\u00f6z Hastal\u0131klar\u0131 Uzman\u0131 (Ok\u00fcloplasti ve Estetik Odakl\u0131)<\/p><p data-path-to-node=\"8\"><b data-path-to-node=\"8\" data-index-in-node=\"0\">Address:<\/b> M\u00fcskebi Mah. Badrum Cad. No:2\/2 \u0130\u00e7 Kap\u0131 No:1, 48420 Bodrum \/ MU\u011eLA<\/p><p data-path-to-node=\"9\"><b data-path-to-node=\"9\" data-index-in-node=\"0\">Web Sitesi:<\/b> <a class=\"ng-star-inserted\" href=\"https:\/\/aytekcosar.com\/en\/\" target=\"_blank\" rel=\"noopener\" data-hveid=\"0\" data-ved=\"0CAAQ_4QMahgKEwiyjviD3pSTAxUAAAAAHQAAAAAQggQ\">www.aytekcosar.com<\/a><\/p><h3 data-path-to-node=\"10\">2. K\u0130\u015e\u0130SEL VER\u0130LER\u0130N \u0130\u015eLENME AMA\u00c7LARI<\/h3><p data-path-to-node=\"11\">Ki\u015fisel verileriniz ve \u00f6zel nitelikli ki\u015fisel verileriniz (sa\u011fl\u0131k verileri), muayenehanemiz ve dijital kanallar\u0131m\u0131z arac\u0131l\u0131\u011f\u0131yla a\u015fa\u011f\u0131daki ama\u00e7larla i\u015flenmektedir:<\/p><ul><li data-path-to-node=\"12,0,0\"><b data-path-to-node=\"12,0,0\" data-index-in-node=\"0\">Sa\u011fl\u0131k Hizmetlerinin Sunumu:<\/b> G\u00f6z hastal\u0131klar\u0131 te\u015fhis ve tedavisi, katarakt cerrahisi (ak\u0131ll\u0131 lens) ve refraktif cerrahi s\u00fcre\u00e7lerinin y\u00f6netilmesi.<\/li><li data-path-to-node=\"12,1,0\"><b data-path-to-node=\"12,1,0\" data-index-in-node=\"0\">Ok\u00fcloplastik ve Estetik Uygulamalar:<\/b> \u00dcst ve alt g\u00f6z kapa\u011f\u0131 esteti\u011fi (Blefaroplasti), ka\u015f esteti\u011fi, g\u00f6z kapa\u011f\u0131 d\u00fc\u015f\u00fckl\u00fc\u011f\u00fc (Ptozis) cerrahisi ve g\u00f6zya\u015f\u0131 kanal\u0131 t\u0131kan\u0131kl\u0131\u011f\u0131 tedavilerinin planlanmas\u0131.<\/li><li data-path-to-node=\"12,2,0\"><b data-path-to-node=\"12,2,0\" data-index-in-node=\"0\">Medikal Estetik \u0130\u015flemleri:<\/b> Botoks, dolgu uygulamalar\u0131 ve ip ask\u0131 (rope suspension) gibi cerrahi olmayan i\u015flemlerin takibi.<\/li><li data-path-to-node=\"12,3,0\"><b data-path-to-node=\"12,3,0\" data-index-in-node=\"0\">Randevu Y\u00f6netimi:<\/b> Randevu taleplerinin al\u0131nmas\u0131, hasta kay\u0131tlar\u0131n\u0131n olu\u015fturulmas\u0131 ve muayene\/operasyon s\u00fcre\u00e7leri hakk\u0131nda bilgilendirme yap\u0131lmas\u0131.<\/li><li data-path-to-node=\"12,4,0\"><b data-path-to-node=\"12,4,0\" data-index-in-node=\"0\">Yasal Y\u00fck\u00fcml\u00fcl\u00fckler:<\/b> Sa\u011fl\u0131k Bakanl\u0131\u011f\u0131 mevzuat\u0131 uyar\u0131nca gerekli kay\u0131tlar\u0131n tutulmas\u0131, e-Nab\u0131z sistemi entegrasyonu ve yasal bildirimlerin yerine getirilmesi.<\/li><li data-path-to-node=\"12,5,0\"><b data-path-to-node=\"12,5,0\" data-index-in-node=\"0\">Communication:<\/b> Web sitesi formlar\u0131 ve WhatsApp hatt\u0131 \u00fczerinden gelen sorular\u0131n yan\u0131tlanmas\u0131.<\/li><\/ul><h3 data-path-to-node=\"13\">3. \u0130\u015eLENEN K\u0130\u015e\u0130SEL VER\u0130LER<\/h3><p data-path-to-node=\"14\">A\u015fa\u011f\u0131daki veri kategorileri i\u015fleme faaliyetine tabidir:<\/p><ul><li data-path-to-node=\"15,0,0\"><b data-path-to-node=\"15,0,0\" data-index-in-node=\"0\">Kimlik Bilgileri:<\/b> Ad-soyad, T.C. Kimlik numaras\u0131, do\u011fum tarihi.<\/li><li data-path-to-node=\"15,1,0\"><b data-path-to-node=\"15,1,0\" data-index-in-node=\"0\">\u0130leti\u015fim Bilgileri:<\/b> Telefon numaras\u0131, e-posta adresi, adres bilgisi.<\/li><li data-path-to-node=\"15,2,0\"><b data-path-to-node=\"15,2,0\" data-index-in-node=\"0\">\u00d6zel Nitelikli Ki\u015fisel Veriler:<\/b> G\u00f6z muayene bulgular\u0131, g\u00f6rme testleri, t\u0131bbi ge\u00e7mi\u015f, tahlil sonu\u00e7lar\u0131 ve estetik planlama ama\u00e7l\u0131 g\u00f6rsel kay\u0131tlar (g\u00f6z ve y\u00fcz foto\u011fraflar\u0131).<\/li><li data-path-to-node=\"15,3,0\"><b data-path-to-node=\"15,3,0\" data-index-in-node=\"0\">Dijital Veriler:<\/b> \u0130leti\u015fim formlar\u0131 i\u00e7eri\u011fi, IP adresi ve \u00e7erez (cookie) kay\u0131tlar\u0131.<\/li><\/ul><h3 data-path-to-node=\"16\">4. K\u0130\u015e\u0130SEL VER\u0130LER\u0130N AKTARIMI<\/h3><p data-path-to-node=\"17\">Ki\u015fisel verileriniz; Kanun\u2019un 8. ve 9. maddelerinde belirtilen \u015fartlar dahilinde:<\/p><ul><li data-path-to-node=\"18,0,0\">T.C. Sa\u011fl\u0131k Bakanl\u0131\u011f\u0131 ve ba\u011fl\u0131 alt birimlerine,<\/li><li data-path-to-node=\"18,1,0\">Operasyonlar\u0131n ger\u00e7ekle\u015ftirildi\u011fi anla\u015fmal\u0131 hastanelere (Memorial Bodrum vb.),<\/li><li data-path-to-node=\"18,2,0\">Te\u015fhis i\u00e7in hizmet al\u0131nan t\u0131bbi laboratuvarlara,<\/li><li data-path-to-node=\"18,3,0\">Teknik altyap\u0131 ve yaz\u0131l\u0131m deste\u011fi sa\u011flayan bili\u015fim firmalar\u0131na (s\u0131n\u0131rl\u0131 kapsamda), mevzuata uygun ve ama\u00e7la s\u0131n\u0131rl\u0131 olarak aktar\u0131labilmektedir.<\/li><\/ul><h3 data-path-to-node=\"19\">5. VER\u0130 TOPLAMANIN Y\u00d6NTEM\u0130 VE HUKUK\u0130 SEBEB\u0130<\/h3><p data-path-to-node=\"20\">Verileriniz, web sitemizdeki ileti\u015fim formlar\u0131 veya do\u011frudan klinik ba\u015fvurular\u0131 arac\u0131l\u0131\u011f\u0131yla; &#8220;kamu sa\u011fl\u0131\u011f\u0131n\u0131n korunmas\u0131&#8221;, &#8220;t\u0131bbi te\u015fhis ve tedavi hizmetlerinin y\u00fcr\u00fct\u00fclmesi&#8221; ve &#8220;veri sorumlusunun hukuki y\u00fck\u00fcml\u00fcl\u00fc\u011f\u00fc&#8221; hukuki sebeplerine dayal\u0131 olarak toplanmaktad\u0131r.<\/p><h3 data-path-to-node=\"21\">6. VER\u0130 SAH\u0130B\u0130N\u0130N HAKLARI<\/h3><p data-path-to-node=\"22\">KVKK\u2019n\u0131n 11. maddesi uyar\u0131nca herkes; verilerinin i\u015flenip i\u015flenmedi\u011fini \u00f6\u011frenme, i\u015flenmi\u015fse bilgi talep etme, eksik veya yanl\u0131\u015f i\u015flenmi\u015fse d\u00fczeltilmesini isteme veya kanuna uygun \u015fekilde verilerin silinmesini talep etme haklar\u0131na sahiptir.<\/p><h3 data-path-to-node=\"23\">7. BA\u015eVURU VE \u0130LET\u0130\u015e\u0130M<\/h3><p data-path-to-node=\"24\">Haklar\u0131n\u0131z\u0131 kullanmak i\u00e7in taleplerinizi yaz\u0131l\u0131 olarak Bodrum&#8217;daki muayenehane adresimize elden teslim edebilir veya <a href=\"mailto:mail@aytekcosar.com\"><b data-path-to-node=\"24\" data-index-in-node=\"117\">mail@aytekcosar.com<\/b><\/a> e-posta adresine iletebilirsiniz.<\/p>\t\t\t\t\t\t<\/div>\n\t\t\t\t<\/div>\n\t\t\t\t\t<\/div>\n\t\t\t\t<\/div>\n\t\t\t\t<\/div>","protected":false},"excerpt":{"rendered":"<p>K\u0130\u015e\u0130SEL VER\u0130LER\u0130N KORUNMASI VE \u0130\u015eLENMES\u0130 AYDINLATMA METN\u0130 Veri sorumlusu s\u0131fat\u0131yla Op. Dr. Aytek Co\u015far olarak; hastalar\u0131m\u0131z\u0131n, dan\u0131\u015fanlar\u0131m\u0131z\u0131n ve web sitesi ziyaret\u00e7ilerimizin ki\u015fisel verilerinin g\u00fcvenli\u011fine, mahremiyetine ve hukuka uygun \u015fekilde i\u015flenmesine b\u00fcy\u00fck \u00f6nem vermekteyiz. 6698 say\u0131l\u0131 Ki\u015fisel Verilerin Korunmas\u0131 Kanunu (\u201cKVKK\u201d) uyar\u0131nca, verileriniz a\u015fa\u011f\u0131da belirtilen kapsamda i\u015flenmektedir. 1. VER\u0130 SORUMLUSU Ad Soyad: Op. Dr. Aytek Co\u015far [&hellip;]<\/p>","protected":false},"author":1,"featured_media":0,"parent":0,"menu_order":0,"comment_status":"closed","ping_status":"closed","template":"","meta":{"footnotes":""},"class_list":["post-6877","page","type-page","status-publish","hentry"],"yoast_head":"<!-- This site is optimized with the Yoast SEO Premium plugin v22.5 (Yoast SEO v23.9) - https:\/\/yoast.com\/wordpress\/plugins\/seo\/ -->\n<title>KVKK Metni - Aytek Co\u015far G\u00f6z Doktoru Bodrum | Ok\u00fcloplasti | G\u00f6z Kapa\u011f\u0131<\/title>\n<meta name=\"robots\" content=\"index, follow, max-snippet:-1, max-image-preview:large, max-video-preview:-1\" \/>\n<link rel=\"canonical\" href=\"https:\/\/aytekcosar.com\/en\/kvkk-metni\/\" \/>\n<meta property=\"og:locale\" content=\"en_US\" \/>\n<meta property=\"og:type\" content=\"article\" \/>\n<meta property=\"og:title\" content=\"KVKK Metni\" \/>\n<meta property=\"og:description\" content=\"K\u0130\u015e\u0130SEL VER\u0130LER\u0130N KORUNMASI VE \u0130\u015eLENMES\u0130 AYDINLATMA METN\u0130 Veri sorumlusu s\u0131fat\u0131yla Op. Dr. Aytek Co\u015far olarak; hastalar\u0131m\u0131z\u0131n, dan\u0131\u015fanlar\u0131m\u0131z\u0131n ve web sitesi ziyaret\u00e7ilerimizin ki\u015fisel verilerinin g\u00fcvenli\u011fine, mahremiyetine ve hukuka uygun \u015fekilde i\u015flenmesine b\u00fcy\u00fck \u00f6nem vermekteyiz. 6698 say\u0131l\u0131 Ki\u015fisel Verilerin Korunmas\u0131 Kanunu (\u201cKVKK\u201d) uyar\u0131nca, verileriniz a\u015fa\u011f\u0131da belirtilen kapsamda i\u015flenmektedir. 1. VER\u0130 SORUMLUSU Ad Soyad: Op. Dr. Aytek Co\u015far [&hellip;]\" \/>\n<meta property=\"og:url\" content=\"https:\/\/aytekcosar.com\/en\/kvkk-metni\/\" \/>\n<meta property=\"og:site_name\" content=\"Aytek Co\u015far G\u00f6z Doktoru Bodrum | Ok\u00fcloplasti | G\u00f6z Kapa\u011f\u0131\" \/>\n<meta property=\"article:publisher\" content=\"https:\/\/www.facebook.com\/opdraytekcosar\" \/>\n<meta property=\"article:modified_time\" content=\"2026-03-10T12:29:30+00:00\" \/>\n<meta property=\"og:image\" content=\"https:\/\/aytekcosar.com\/wp-content\/uploads\/2024\/05\/1.jpg\" \/>\n\t<meta property=\"og:image:width\" content=\"1500\" \/>\n\t<meta property=\"og:image:height\" content=\"796\" \/>\n\t<meta property=\"og:image:type\" content=\"image\/jpeg\" \/>\n<meta name=\"twitter:card\" content=\"summary_large_image\" \/>\n<meta name=\"twitter:label1\" content=\"Est. reading time\" \/>\n\t<meta name=\"twitter:data1\" content=\"3 minutes\" \/>\n<script type=\"application\/ld+json\" class=\"yoast-schema-graph\">{\"@context\":\"https:\/\/schema.org\",\"@graph\":[{\"@type\":\"WebPage\",\"@id\":\"https:\/\/aytekcosar.com\/kvkk-metni\/\",\"url\":\"https:\/\/aytekcosar.com\/kvkk-metni\/\",\"name\":\"KVKK Metni - Aytek Co\u015far G\u00f6z Doktoru Bodrum | Ok\u00fcloplasti | G\u00f6z Kapa\u011f\u0131\",\"isPartOf\":{\"@id\":\"https:\/\/aytekcosar.com\/#website\"},\"datePublished\":\"2026-03-10T12:26:57+00:00\",\"dateModified\":\"2026-03-10T12:29:30+00:00\",\"breadcrumb\":{\"@id\":\"https:\/\/aytekcosar.com\/kvkk-metni\/#breadcrumb\"},\"inLanguage\":\"en-US\",\"potentialAction\":[{\"@type\":\"ReadAction\",\"target\":[\"https:\/\/aytekcosar.com\/kvkk-metni\/\"]}]},{\"@type\":\"BreadcrumbList\",\"@id\":\"https:\/\/aytekcosar.com\/kvkk-metni\/#breadcrumb\",\"itemListElement\":[{\"@type\":\"ListItem\",\"position\":1,\"name\":\"Anasayfa\",\"item\":\"https:\/\/aytekcosar.com\/\"},{\"@type\":\"ListItem\",\"position\":2,\"name\":\"KVKK Metni\"}]},{\"@type\":\"WebSite\",\"@id\":\"https:\/\/aytekcosar.com\/#website\",\"url\":\"https:\/\/aytekcosar.com\/\",\"name\":\"Op.Dr. Aytek Co\u015far Bodrum G\u00f6z Doktoru K\u00f6z Kapa\u011f\u0131 Ameliyatlar\u0131 | Ka\u015f Kald\u0131rma | Katarakt | Ok\u00fcloplasti\",\"description\":\"Bodrum G\u00f6z Doktoru K\u00f6z Kapa\u011f\u0131 Ameliyatlar\u0131 | Ka\u015f Kald\u0131rma | Katarakt | Ok\u00fcloplasti\",\"publisher\":{\"@id\":\"https:\/\/aytekcosar.com\/#organization\"},\"alternateName\":\"Bodrum G\u00f6z Doktoru, Bodrum en iyi g\u00f6z doktoru\",\"potentialAction\":[{\"@type\":\"SearchAction\",\"target\":{\"@type\":\"EntryPoint\",\"urlTemplate\":\"https:\/\/aytekcosar.com\/?s={search_term_string}\"},\"query-input\":{\"@type\":\"PropertyValueSpecification\",\"valueRequired\":true,\"valueName\":\"search_term_string\"}}],\"inLanguage\":\"en-US\"},{\"@type\":\"Organization\",\"@id\":\"https:\/\/aytekcosar.com\/#organization\",\"name\":\"Op.Dr. Aytek Co\u015far Bodrum G\u00f6z Doktoru K\u00f6z Kapa\u011f\u0131 Ameliyatlar\u0131 | Ka\u015f Kald\u0131rma | Katarakt | Ok\u00fcloplasti\",\"url\":\"https:\/\/aytekcosar.com\/\",\"logo\":{\"@type\":\"ImageObject\",\"inLanguage\":\"en-US\",\"@id\":\"https:\/\/aytekcosar.com\/#\/schema\/logo\/image\/\",\"url\":\"https:\/\/aytekcosar.com\/wp-content\/uploads\/2024\/05\/LOGOssss.png\",\"contentUrl\":\"https:\/\/aytekcosar.com\/wp-content\/uploads\/2024\/05\/LOGOssss.png\",\"width\":864,\"height\":454,\"caption\":\"Op.Dr. Aytek Co\u015far Bodrum G\u00f6z Doktoru K\u00f6z Kapa\u011f\u0131 Ameliyatlar\u0131 | Ka\u015f Kald\u0131rma | Katarakt | Ok\u00fcloplasti\"},\"image\":{\"@id\":\"https:\/\/aytekcosar.com\/#\/schema\/logo\/image\/\"},\"sameAs\":[\"https:\/\/www.facebook.com\/opdraytekcosar\",\"https:\/\/www.instagram.com\/opdraytekcosar\",\"https:\/\/tr.linkedin.com\/in\/aytek-cosar-a79b01128\"],\"description\":\"Op. Dr. Aytek Co\u015far, Bodrum\u2019da g\u00f6z sa\u011fl\u0131\u011f\u0131 ve estetik alan\u0131nda hizmet veren uzman g\u00f6z doktorudur. G\u00f6z kapa\u011f\u0131 ameliyatlar\u0131, ka\u015f kald\u0131rma, katarakt cerrahisi ve ok\u00fcloplastik i\u015flemlerle modern \u00e7\u00f6z\u00fcmler sunar.\",\"email\":\"mail@aytekcosar.com\",\"telephone\":\"444 7 888\",\"legalName\":\"Op. Dr. Aytek Co\u015far\"}]}<\/script>\n<!-- \/ Yoast SEO Premium plugin. -->","yoast_head_json":{"title":"KVKK Metni - Aytek Co\u015far G\u00f6z Doktoru Bodrum | Ok\u00fcloplasti | G\u00f6z Kapa\u011f\u0131","robots":{"index":"index","follow":"follow","max-snippet":"max-snippet:-1","max-image-preview":"max-image-preview:large","max-video-preview":"max-video-preview:-1"},"canonical":"https:\/\/aytekcosar.com\/en\/kvkk-metni\/","og_locale":"en_US","og_type":"article","og_title":"KVKK Metni","og_description":"K\u0130\u015e\u0130SEL VER\u0130LER\u0130N KORUNMASI VE \u0130\u015eLENMES\u0130 AYDINLATMA METN\u0130 Veri sorumlusu s\u0131fat\u0131yla Op. Dr. Aytek Co\u015far olarak; hastalar\u0131m\u0131z\u0131n, dan\u0131\u015fanlar\u0131m\u0131z\u0131n ve web sitesi ziyaret\u00e7ilerimizin ki\u015fisel verilerinin g\u00fcvenli\u011fine, mahremiyetine ve hukuka uygun \u015fekilde i\u015flenmesine b\u00fcy\u00fck \u00f6nem vermekteyiz. 6698 say\u0131l\u0131 Ki\u015fisel Verilerin Korunmas\u0131 Kanunu (\u201cKVKK\u201d) uyar\u0131nca, verileriniz a\u015fa\u011f\u0131da belirtilen kapsamda i\u015flenmektedir. 1. VER\u0130 SORUMLUSU Ad Soyad: Op. Dr. Aytek Co\u015far [&hellip;]","og_url":"https:\/\/aytekcosar.com\/en\/kvkk-metni\/","og_site_name":"Aytek Co\u015far G\u00f6z Doktoru Bodrum | Ok\u00fcloplasti | G\u00f6z Kapa\u011f\u0131","article_publisher":"https:\/\/www.facebook.com\/opdraytekcosar","article_modified_time":"2026-03-10T12:29:30+00:00","og_image":[{"width":1500,"height":796,"url":"https:\/\/aytekcosar.com\/wp-content\/uploads\/2024\/05\/1.jpg","type":"image\/jpeg"}],"twitter_card":"summary_large_image","twitter_misc":{"Est. reading time":"3 minutes"},"schema":{"@context":"https:\/\/schema.org","@graph":[{"@type":"WebPage","@id":"https:\/\/aytekcosar.com\/kvkk-metni\/","url":"https:\/\/aytekcosar.com\/kvkk-metni\/","name":"KVKK Metni - Aytek Co\u015far G\u00f6z Doktoru Bodrum | Ok\u00fcloplasti | G\u00f6z Kapa\u011f\u0131","isPartOf":{"@id":"https:\/\/aytekcosar.com\/#website"},"datePublished":"2026-03-10T12:26:57+00:00","dateModified":"2026-03-10T12:29:30+00:00","breadcrumb":{"@id":"https:\/\/aytekcosar.com\/kvkk-metni\/#breadcrumb"},"inLanguage":"en-US","potentialAction":[{"@type":"ReadAction","target":["https:\/\/aytekcosar.com\/kvkk-metni\/"]}]},{"@type":"BreadcrumbList","@id":"https:\/\/aytekcosar.com\/kvkk-metni\/#breadcrumb","itemListElement":[{"@type":"ListItem","position":1,"name":"Anasayfa","item":"https:\/\/aytekcosar.com\/"},{"@type":"ListItem","position":2,"name":"KVKK Metni"}]},{"@type":"WebSite","@id":"https:\/\/aytekcosar.com\/#website","url":"https:\/\/aytekcosar.com\/","name":"Op.Dr. Aytek Co\u015far Bodrum G\u00f6z Doktoru K\u00f6z Kapa\u011f\u0131 Ameliyatlar\u0131 | Ka\u015f Kald\u0131rma | Katarakt | Ok\u00fcloplasti","description":"Bodrum G\u00f6z Doktoru K\u00f6z Kapa\u011f\u0131 Ameliyatlar\u0131 | Ka\u015f Kald\u0131rma | Katarakt | Ok\u00fcloplasti","publisher":{"@id":"https:\/\/aytekcosar.com\/#organization"},"alternateName":"Bodrum G\u00f6z Doktoru, Bodrum en iyi g\u00f6z doktoru","potentialAction":[{"@type":"SearchAction","target":{"@type":"EntryPoint","urlTemplate":"https:\/\/aytekcosar.com\/?s={search_term_string}"},"query-input":{"@type":"PropertyValueSpecification","valueRequired":true,"valueName":"search_term_string"}}],"inLanguage":"en-US"},{"@type":"Organization","@id":"https:\/\/aytekcosar.com\/#organization","name":"Op.Dr. Aytek Co\u015far Bodrum G\u00f6z Doktoru K\u00f6z Kapa\u011f\u0131 Ameliyatlar\u0131 | Ka\u015f Kald\u0131rma | Katarakt | Ok\u00fcloplasti","url":"https:\/\/aytekcosar.com\/","logo":{"@type":"ImageObject","inLanguage":"en-US","@id":"https:\/\/aytekcosar.com\/#\/schema\/logo\/image\/","url":"https:\/\/aytekcosar.com\/wp-content\/uploads\/2024\/05\/LOGOssss.png","contentUrl":"https:\/\/aytekcosar.com\/wp-content\/uploads\/2024\/05\/LOGOssss.png","width":864,"height":454,"caption":"Op.Dr. Aytek Co\u015far Bodrum G\u00f6z Doktoru K\u00f6z Kapa\u011f\u0131 Ameliyatlar\u0131 | Ka\u015f Kald\u0131rma | Katarakt | Ok\u00fcloplasti"},"image":{"@id":"https:\/\/aytekcosar.com\/#\/schema\/logo\/image\/"},"sameAs":["https:\/\/www.facebook.com\/opdraytekcosar","https:\/\/www.instagram.com\/opdraytekcosar","https:\/\/tr.linkedin.com\/in\/aytek-cosar-a79b01128"],"description":"Op. Dr. Aytek Co\u015far, Bodrum\u2019da g\u00f6z sa\u011fl\u0131\u011f\u0131 ve estetik alan\u0131nda hizmet veren uzman g\u00f6z doktorudur. G\u00f6z kapa\u011f\u0131 ameliyatlar\u0131, ka\u015f kald\u0131rma, katarakt cerrahisi ve ok\u00fcloplastik i\u015flemlerle modern \u00e7\u00f6z\u00fcmler sunar.","email":"mail@aytekcosar.com","telephone":"444 7 888","legalName":"Op. Dr. Aytek Co\u015far"}]}},"_links":{"self":[{"href":"https:\/\/aytekcosar.com\/en\/wp-json\/wp\/v2\/pages\/6877","targetHints":{"allow":["GET"]}}],"collection":[{"href":"https:\/\/aytekcosar.com\/en\/wp-json\/wp\/v2\/pages"}],"about":[{"href":"https:\/\/aytekcosar.com\/en\/wp-json\/wp\/v2\/types\/page"}],"author":[{"embeddable":true,"href":"https:\/\/aytekcosar.com\/en\/wp-json\/wp\/v2\/users\/1"}],"replies":[{"embeddable":true,"href":"https:\/\/aytekcosar.com\/en\/wp-json\/wp\/v2\/comments?post=6877"}],"version-history":[{"count":5,"href":"https:\/\/aytekcosar.com\/en\/wp-json\/wp\/v2\/pages\/6877\/revisions"}],"predecessor-version":[{"id":6887,"href":"https:\/\/aytekcosar.com\/en\/wp-json\/wp\/v2\/pages\/6877\/revisions\/6887"}],"wp:attachment":[{"href":"https:\/\/aytekcosar.com\/en\/wp-json\/wp\/v2\/media?parent=6877"}],"curies":[{"name":"wp","href":"https:\/\/api.w.org\/{rel}","templated":true}]}}